{"id":4672,"date":"2017-11-14T12:52:27","date_gmt":"2017-11-14T11:52:27","guid":{"rendered":"http:\/\/www.fotografiacittadellapieve.it\/home\/?page_id=4672"},"modified":"2022-12-02T19:02:30","modified_gmt":"2022-12-02T18:02:30","slug":"biblioteca","status":"publish","type":"page","link":"http:\/\/www.fotografiacittadellapieve.it\/home\/biblioteca\/","title":{"rendered":"Biblioteca"},"content":{"rendered":"[vc_row padding_top=&#8221;60&#8243; padding_bottom=&#8221;60&#8243; bg_color=&#8221;#ffffff&#8221;][vc_column 0=&#8221;&#8221;][vc_custom_heading divide_line=&#8221;yes&#8221; divide_line_width=&#8221;70&#8243; divide_line_color=&#8221;#0066ff&#8221; text=&#8221;La biblioteca&#8221; font_container=&#8221;tag:h4|text_align:left&#8221; use_theme_fonts=&#8221;yes&#8221;][\/vc_column][vc_column width=&#8221;1\/2&#8243;][vc_column_text 0=&#8221;&#8221;]<\/p>\r\n<p>La biblioteca nasce dal Progetto &#8220;Per una Biblioteca Fotografica&#8221; di Vittorio Scanferla, collezionista di fotolibri, libraio e curatore della rubrica <em>fotolibri storici<\/em> per il mensile &#8220;Il Fotografo&#8221; e per la rivista di bibliofilia &#8220;CHarta&#8221;.\u00a0Raccoglie monografie e antologie suddivise in tre sezioni:\u00a0fotolibri \/ storia, teoria e critica della fotografia \/ rarit\u00e0 bibliografiche. Tutti i volumi sono consultabili in loco\u00a0dai soci dell\u2019Associazione IL FORNO.[\/vc_column_text][\/vc_column][vc_column width=&#8221;1\/2&#8243;][vc_column_text 0=&#8221;&#8221;]La biblioteca del Laboratorio\/Forno, in continuo aggiornamento, si prefigge di divenire un luogo di aggregazione, consultazione e incontro, aperto alle curiosit\u00e0 e agli interessi dei fruitori, indicando e stimolando percorsi e visioni originali e personali della fotografia, organizzando eventi su temi diversi: presentazione di libri, bibliografie tematiche, manifestazioni e mostre.[\/vc_column_text][\/vc_column][\/vc_row][vc_row 0=&#8221;&#8221;][vc_column 0=&#8221;&#8221;]<div ><div class=\"row   gallery-type-grid gallery-grid-layout-masonry \" data-gallery-grid=\"masonry\" ><div class=\"vc_col-sm-2 custom-gallery-item \"><figure class=\"agni-gallery-figure\"><a href=\"http:\/\/www.fotografiacittadellapieve.it\/home\/wp-content\/uploads\/2022\/12\/20221201_121145-scaled.jpg\"><img width=\"150\" height=\"150\" src=\"http:\/\/www.fotografiacittadellapieve.it\/home\/wp-content\/uploads\/2022\/12\/20221201_121145-150x150.jpg\" class=\"attachment-thumbnail size-thumbnail\" alt=\"\" loading=\"lazy\" srcset=\"http:\/\/www.fotografiacittadellapieve.it\/home\/wp-content\/uploads\/2022\/12\/20221201_121145-150x150.jpg 150w, http:\/\/www.fotografiacittadellapieve.it\/home\/wp-content\/uploads\/2022\/12\/20221201_121145-640x640.jpg 640w\" sizes=\"(max-width: 150px) 100vw, 150px\" \/><\/a><figcaption><\/figcaption><\/figure><\/div><div class=\"vc_col-sm-2 custom-gallery-item \"><figure class=\"agni-gallery-figure\"><a href=\"http:\/\/www.fotografiacittadellapieve.it\/home\/wp-content\/uploads\/2022\/12\/20221201_121318-scaled.jpg\"><img width=\"150\" height=\"150\" src=\"http:\/\/www.fotografiacittadellapieve.it\/home\/wp-content\/uploads\/2022\/12\/20221201_121318-150x150.jpg\" class=\"attachment-thumbnail size-thumbnail\" alt=\"\" loading=\"lazy\" srcset=\"http:\/\/www.fotografiacittadellapieve.it\/home\/wp-content\/uploads\/2022\/12\/20221201_121318-150x150.jpg 150w, http:\/\/www.fotografiacittadellapieve.it\/home\/wp-content\/uploads\/2022\/12\/20221201_121318-640x640.jpg 640w\" sizes=\"(max-width: 150px) 100vw, 150px\" \/><\/a><figcaption><\/figcaption><\/figure><\/div><div class=\"vc_col-sm-2 custom-gallery-item \"><figure class=\"agni-gallery-figure\"><a href=\"http:\/\/www.fotografiacittadellapieve.it\/home\/wp-content\/uploads\/2022\/12\/20221201_121355-scaled.jpg\"><img width=\"150\" height=\"150\" src=\"http:\/\/www.fotografiacittadellapieve.it\/home\/wp-content\/uploads\/2022\/12\/20221201_121355-150x150.jpg\" class=\"attachment-thumbnail size-thumbnail\" alt=\"\" loading=\"lazy\" srcset=\"http:\/\/www.fotografiacittadellapieve.it\/home\/wp-content\/uploads\/2022\/12\/20221201_121355-150x150.jpg 150w, http:\/\/www.fotografiacittadellapieve.it\/home\/wp-content\/uploads\/2022\/12\/20221201_121355-640x640.jpg 640w\" sizes=\"(max-width: 150px) 100vw, 150px\" \/><\/a><figcaption><\/figcaption><\/figure><\/div><div class=\"vc_col-sm-2 custom-gallery-item \"><figure class=\"agni-gallery-figure\"><a href=\"http:\/\/www.fotografiacittadellapieve.it\/home\/wp-content\/uploads\/2022\/12\/20221201_121526-scaled.jpg\"><img width=\"150\" height=\"150\" src=\"http:\/\/www.fotografiacittadellapieve.it\/home\/wp-content\/uploads\/2022\/12\/20221201_121526-150x150.jpg\" class=\"attachment-thumbnail size-thumbnail\" alt=\"\" loading=\"lazy\" srcset=\"http:\/\/www.fotografiacittadellapieve.it\/home\/wp-content\/uploads\/2022\/12\/20221201_121526-150x150.jpg 150w, http:\/\/www.fotografiacittadellapieve.it\/home\/wp-content\/uploads\/2022\/12\/20221201_121526-640x640.jpg 640w\" sizes=\"(max-width: 150px) 100vw, 150px\" \/><\/a><figcaption><\/figcaption><\/figure><\/div><div class=\"vc_col-sm-2 custom-gallery-item \"><figure class=\"agni-gallery-figure\"><a href=\"http:\/\/www.fotografiacittadellapieve.it\/home\/wp-content\/uploads\/2022\/12\/20221201_121559-scaled.jpg\"><img width=\"150\" height=\"150\" src=\"http:\/\/www.fotografiacittadellapieve.it\/home\/wp-content\/uploads\/2022\/12\/20221201_121559-150x150.jpg\" class=\"attachment-thumbnail size-thumbnail\" alt=\"\" loading=\"lazy\" srcset=\"http:\/\/www.fotografiacittadellapieve.it\/home\/wp-content\/uploads\/2022\/12\/20221201_121559-150x150.jpg 150w, http:\/\/www.fotografiacittadellapieve.it\/home\/wp-content\/uploads\/2022\/12\/20221201_121559-640x640.jpg 640w\" sizes=\"(max-width: 150px) 100vw, 150px\" \/><\/a><figcaption><\/figcaption><\/figure><\/div><div class=\"vc_col-sm-2 custom-gallery-item \"><figure class=\"agni-gallery-figure\"><a href=\"http:\/\/www.fotografiacittadellapieve.it\/home\/wp-content\/uploads\/2022\/12\/20221201_121653-scaled.jpg\"><img width=\"150\" height=\"150\" src=\"http:\/\/www.fotografiacittadellapieve.it\/home\/wp-content\/uploads\/2022\/12\/20221201_121653-150x150.jpg\" class=\"attachment-thumbnail size-thumbnail\" alt=\"\" loading=\"lazy\" srcset=\"http:\/\/www.fotografiacittadellapieve.it\/home\/wp-content\/uploads\/2022\/12\/20221201_121653-150x150.jpg 150w, http:\/\/www.fotografiacittadellapieve.it\/home\/wp-content\/uploads\/2022\/12\/20221201_121653-640x640.jpg 640w\" sizes=\"(max-width: 150px) 100vw, 150px\" \/><\/a><figcaption><\/figcaption><\/figure><\/div><\/div><\/div><div class=\" agni-image custom-image-container text-left\"><div class=\"wpb_wrapper\"><a><img style=\"\" width=\"2169\" height=\"1056\" src=\"http:\/\/www.fotografiacittadellapieve.it\/home\/wp-content\/uploads\/2021\/09\/DSC_0025-scaled-e1630595507256.jpg\" class=\"fullwidth-image attachment-full  attachment-full\" alt=\"\" loading=\"lazy\" srcset=\"http:\/\/www.fotografiacittadellapieve.it\/home\/wp-content\/uploads\/2021\/09\/DSC_0025-scaled-e1630595507256.jpg 2169w, http:\/\/www.fotografiacittadellapieve.it\/home\/wp-content\/uploads\/2021\/09\/DSC_0025-scaled-e1630595507256-360x175.jpg 360w, http:\/\/www.fotografiacittadellapieve.it\/home\/wp-content\/uploads\/2021\/09\/DSC_0025-scaled-e1630595507256-1024x499.jpg 1024w, http:\/\/www.fotografiacittadellapieve.it\/home\/wp-content\/uploads\/2021\/09\/DSC_0025-scaled-e1630595507256-768x374.jpg 768w, http:\/\/www.fotografiacittadellapieve.it\/home\/wp-content\/uploads\/2021\/09\/DSC_0025-scaled-e1630595507256-1536x748.jpg 1536w, http:\/\/www.fotografiacittadellapieve.it\/home\/wp-content\/uploads\/2021\/09\/DSC_0025-scaled-e1630595507256-2048x997.jpg 2048w, http:\/\/www.fotografiacittadellapieve.it\/home\/wp-content\/uploads\/2021\/09\/DSC_0025-scaled-e1630595507256-1080x526.jpg 1080w, http:\/\/www.fotografiacittadellapieve.it\/home\/wp-content\/uploads\/2021\/09\/DSC_0025-scaled-e1630595507256-640x312.jpg 640w\" sizes=\"(max-width: 2169px) 100vw, 2169px\" \/><\/a><\/div><\/div>[vc_row_inner 0=&#8221;&#8221;][vc_column_inner width=&#8221;1\/2&#8243;][vc_column_text 0=&#8221;&#8221;]<\/p>\r\n<p>&nbsp;<\/p>\r\n<p>Recentemente \u00e8 stata inserita nell\u2019Anagrafe delle Biblioteche italiane di ICCU.<\/p>\r\n<pre><a href=\"https:\/\/anagrafe.iccu.sbn.it\/isil\/IT-PG1034\">https:\/\/anagrafe.iccu.sbn.it\/isil\/IT-PG1034<\/a><\/pre>\r\n<p>[\/vc_column_text][\/vc_column_inner][vc_column_inner width=&#8221;1\/2&#8243;][vc_column_text][\/vc_column_text]<div class=\" agni-image custom-image-container text-center\"><div class=\"wpb_wrapper\"><a><img style=\"\" width=\"360\" height=\"204\" src=\"http:\/\/www.fotografiacittadellapieve.it\/home\/wp-content\/uploads\/2021\/09\/Laboratorio-di-Cultura-Fotografica-360x204.jpg\" class=\"fullwidth-image attachment-medium  attachment-medium\" alt=\"\" loading=\"lazy\" srcset=\"http:\/\/www.fotografiacittadellapieve.it\/home\/wp-content\/uploads\/2021\/09\/Laboratorio-di-Cultura-Fotografica-360x204.jpg 360w, http:\/\/www.fotografiacittadellapieve.it\/home\/wp-content\/uploads\/2021\/09\/Laboratorio-di-Cultura-Fotografica.jpg 480w\" sizes=\"(max-width: 360px) 100vw, 360px\" \/><\/a><\/div><\/div>[vc_column_text 0=&#8221;&#8221;][\/vc_column_text][\/vc_column_inner][\/vc_row_inner]<div class=\" agni-image custom-image-container text-center\"><div class=\"wpb_wrapper\"><a><img style=\"\" width=\"1080\" height=\"286\" src=\"http:\/\/www.fotografiacittadellapieve.it\/home\/wp-content\/uploads\/2021\/09\/biblioteca1-1080x608-1-e1630597517484.jpg\" class=\"fullwidth-image attachment-full  attachment-full\" alt=\"\" loading=\"lazy\" srcset=\"http:\/\/www.fotografiacittadellapieve.it\/home\/wp-content\/uploads\/2021\/09\/biblioteca1-1080x608-1-e1630597517484.jpg 1080w, http:\/\/www.fotografiacittadellapieve.it\/home\/wp-content\/uploads\/2021\/09\/biblioteca1-1080x608-1-e1630597517484-360x95.jpg 360w, http:\/\/www.fotografiacittadellapieve.it\/home\/wp-content\/uploads\/2021\/09\/biblioteca1-1080x608-1-e1630597517484-1024x271.jpg 1024w, http:\/\/www.fotografiacittadellapieve.it\/home\/wp-content\/uploads\/2021\/09\/biblioteca1-1080x608-1-e1630597517484-768x203.jpg 768w, http:\/\/www.fotografiacittadellapieve.it\/home\/wp-content\/uploads\/2021\/09\/biblioteca1-1080x608-1-e1630597517484-640x169.jpg 640w\" sizes=\"(max-width: 1080px) 100vw, 1080px\" \/><\/a><\/div><\/div><div class=\" separator separator_center\" style=\"width:50%; \">\r\n\t\t\t\t\t<span class=\"sep_holder sep_holder_l\"><span style=\"border-top-style:solid; border-color:\" class=\"sep_line\"><\/span><\/span>\r\n\t\t\t\t\t\r\n\t\t\t\t\t<span class=\"sep_holder sep_holder_r\"><span style=\"border-top-style:solid; border-color:\" class=\"sep_line\"><\/span><\/span>\r\n\t\t\t\t<\/div>[vc_column_text]<\/p>\r\n<p>&nbsp;<\/p>\r\n<p>&nbsp;<\/p>\r\n<p><br \/><img loading=\"lazy\" class=\"wp-image-5580 aligncenter\" src=\"http:\/\/www.fotografiacittadellapieve.it\/home\/wp-content\/uploads\/2021\/05\/Associazione-iL-Forno-scaled-e1621590484112-1024x489.jpg\" alt=\"\" width=\"533\" height=\"254\" srcset=\"http:\/\/www.fotografiacittadellapieve.it\/home\/wp-content\/uploads\/2021\/05\/Associazione-iL-Forno-scaled-e1621590484112-1024x489.jpg 1024w, http:\/\/www.fotografiacittadellapieve.it\/home\/wp-content\/uploads\/2021\/05\/Associazione-iL-Forno-scaled-e1621590484112-360x172.jpg 360w, http:\/\/www.fotografiacittadellapieve.it\/home\/wp-content\/uploads\/2021\/05\/Associazione-iL-Forno-scaled-e1621590484112-768x367.jpg 768w, http:\/\/www.fotografiacittadellapieve.it\/home\/wp-content\/uploads\/2021\/05\/Associazione-iL-Forno-scaled-e1621590484112-1536x733.jpg 1536w, http:\/\/www.fotografiacittadellapieve.it\/home\/wp-content\/uploads\/2021\/05\/Associazione-iL-Forno-scaled-e1621590484112-2048x978.jpg 2048w, http:\/\/www.fotografiacittadellapieve.it\/home\/wp-content\/uploads\/2021\/05\/Associazione-iL-Forno-scaled-e1621590484112-1080x516.jpg 1080w, http:\/\/www.fotografiacittadellapieve.it\/home\/wp-content\/uploads\/2021\/05\/Associazione-iL-Forno-scaled-e1621590484112-640x306.jpg 640w\" sizes=\"(max-width: 533px) 100vw, 533px\" \/><br \/><\/p>\r\n<p><\/p>\r\n<h3 class=\"has-text-align-left\" style=\"text-align: center;\">Regolamento e Carta dei Servizi<\/h3>\r\n<p>&nbsp;<\/p>\r\n<p><\/p>\r\n<p><\/p>\r\n<p><strong>\u00a0<\/strong><\/p>\r\n<p><strong>Art. 1 \u2013 Norme Generali<\/strong><\/p>\r\n<p>La Biblioteca di Cultura Fotografica \u00e8 biblioteca privata di carattere specialistico, il cui patrimonio \u00e8 costituito da monografie dei principali autori della fotografia storica e contemporanea internazionale, cataloghi di mostre personali e collettive, testi teorici e storici, rarit\u00e0, collezioni di riviste italiane e straniere.<\/p>\r\n<p>La biblioteca \u00e8 una struttura della Associazione Il Forno Onlus Ets e ne costituisce, pertanto, parte integrante sotto il profilo istituzionale, culturale e organizzativo. E\u2019 sita all\u2019interno della sede dell\u2019Associazione, nei locali del Vecchio Forno Bassini in Via Melosio 20\/26 a Citt\u00e0 della Pieve.<\/p>\r\n<p><strong>\u00a0<\/strong><\/p>\r\n<p><strong>Art. 2 \u2013 Finalit\u00e0, obiettivi e funzioni<\/strong><\/p>\r\n<p>La Biblioteca \u00e8 un istituto culturale permanente senza fini di lucro. Le finalit\u00e0 sono la conservazione e la valorizzazione del patrimonio librario e multimediale esistente, nonch\u00e9 l\u2019incremento del patrimonio secondo le esigenze didattiche, di ricerca e di promozione della cultura fotografica.<\/p>\r\n<p>Le sue funzioni sono esercitate attraverso:<\/p>\r\n<p>\u2013\u00a0\u00a0\u00a0 il controllo della produzione documentaria e dei processi di circolazione delle informazioni anche in ambiente digitale, con riferimento alla cultura fotografica;<\/p>\r\n<p>\u2013\u00a0\u00a0\u00a0 la programmazione, la gestione e l\u2019ordinamento di un\u2019offerta documentaria mirata e integrata (libri, periodici, altri documenti, in formato cartaceo, digitale, multimediale, ecc.), funzionale al soddisfacimento di bisogni diversificati di ricerca, di informazione e di conoscenza dei propri utenti;<\/p>\r\n<p>\u2013\u00a0\u00a0\u00a0 l\u2019organizzazione a scaffale aperto delle raccolte, eccezion fatta per i documenti che necessitano di particolari misure di tutela e di conservazione;<\/p>\r\n<p>\u2013\u00a0\u00a0\u00a0 la valutazione, l\u2019acquisizione e l\u2019uso di risorse, metodologie, standard e strumenti per ricercare, descrivere, catalogare, indicizzare, recuperare i documenti;<\/p>\r\n<p>\u2013\u00a0\u00a0\u00a0 la progettazione, gestione e valutazione di servizi d\u2019accesso e uso di diverse tipologie documentarie;<\/p>\r\n<p>\u2013\u00a0\u00a0\u00a0 l\u2019allestimento di un OPAC in ambiente SBN (Servizio bibliotecario nazionale), con ricche opzioni di ricerca e con procedure di indicizzazione e descrizione del patrimonio accurate e particolarmente attente alle peculiarit\u00e0 degli esemplari;<\/p>\r\n<p>\u2013\u00a0\u00a0\u00a0 la realizzazione di servizi informativi e di consulenza, sia a carattere generale\u00a0sia personalizzati, a distanza oltre che in sede;<\/p>\r\n<p>\u2013\u00a0\u00a0\u00a0 la progettazione e l\u2019attuazione di adeguate politiche di tutela e conservazione del proprio patrimonio documentario;<\/p>\r\n<p>\u2013\u00a0\u00a0\u00a0 la gestione delle relazioni con gli utenti, da improntare a criteri di ascolto, assistenza, cura, ricerca della loro soddisfazione e collaborazione;<\/p>\r\n<p>\u2013\u00a0\u00a0\u00a0 la partecipazione a reti e a progetti di cooperazione con altre biblioteche e altri soggetti, a fini di acquisizione, condivisione e scambio di risorse documentarie e catalografiche, processi operativi, conoscenze ed esperienze professionali;<\/p>\r\n<p>\u2013\u00a0\u00a0\u00a0 la valorizzazione e la promozione del patrimonio e dei servizi attraverso efficaci iniziative e forme di comunicazione con tutti i soggetti interessati al\u00a0funzionamento della Biblioteca stessa.<\/p>\r\n<p><strong>\u00a0<\/strong><\/p>\r\n<p><strong>Art. 3 \u2013 Apertura al pubblico<\/strong><\/p>\r\n<p>Il calendario di apertura e chiusura della Biblioteca e il suo orario settimanale sono consultabili sul sito internet dell\u2019Associazione ovvero www.associazioneilforno.it.<\/p>\r\n<p>La Biblioteca resta in ogni caso aperta dal gioved\u00ec alla domenica per un totale di 24 ore settimanali.<\/p>\r\n<p>&nbsp;<\/p>\r\n<p><strong>Art. 4 \u2013 Consultazione e lettura<\/strong><\/p>\r\n<p>L\u2019accesso alla Biblioteca \u00e8 libero e gratuito.<\/p>\r\n<p>Non sono previste limitazioni circa il numero dei documenti che possono essere contemporaneamente richiesti in consultazione o lettura, purch\u00e9 non sia penalizzato il diritto di altri utenti.<\/p>\r\n<p>Pi\u00f9 persone possono servirsi contemporaneamente del medesimo documento, purch\u00e9 ci\u00f2 non arrechi disturbo ad altri utenti.<\/p>\r\n<p>\u00c8 rigorosamente vietato:<\/p>\r\n<p><br \/>\u2013\u00a0\u00a0\u00a0 fumare in qualsiasi ambiente che non sia eventualmente\u00a0destinato a tale uso;<\/p>\r\n<p>\u2013\u00a0\u00a0\u00a0 far segni o scrivere sui libri della Biblioteca;<\/p>\r\n<p>\u2013\u00a0\u00a0\u00a0 disturbare in alcun modo gli altri utenti.<\/p>\r\n<p><strong>\u00a0<\/strong><\/p>\r\n<p><strong>Art. 5 \u2013 Prestito<\/strong><\/p>\r\n<p>Non \u00e8 consentito il prestito. La consultazione del patrimonio librario e audiovisivo \u00e8 consentita solo in sede.<\/p>\r\n<p>&nbsp;<\/p>\r\n<p><strong>Art. 6 \u2013 Strumenti informatici e multimediali<\/strong><\/p>\r\n<p>La sala lettura offre circa 6 posti a sedere per la consultazione del patrimonio librario e 3 postazioni computer per la consultazione dei cataloghi (libri, periodici, DVD) e per le ricerche in internet; la sala corsi adiacente offre 25 posti a sedere e un video proiettore per visionare filmati, documentari, interviste riguardanti fotografi ed esperti del settore.<\/p>\r\n<p>L\u2019uso delle postazioni collegate in rete \u00e8 gratuito e a disposizione di tutti gli utenti.<\/p>\r\n<p>Di norma, ogni utente pu\u00f2 utilizzare Internet e le altre risorse per il periodo necessario allo svolgimento delle proprie ricerche, e comunque per un tempo non superiore a minuti 60. Qualora la ricerca richieda una motivata estensione, questa verr\u00e0 concordata con il funzionario responsabile o con chi ne fa le veci.<\/p>\r\n<p>L\u2019uso delle postazioni \u00e8 consentito, di norma, a non pi\u00f9 di due persone contemporaneamente.<\/p>\r\n<p>Sono disponibili le seguenti funzioni:<\/p>\r\n<p>\u2013\u00a0\u00a0\u00a0 uso di postazione dotata di monitor, tastiera, mouse, lettore cd;<\/p>\r\n<p>\u2013\u00a0\u00a0\u00a0 \u00a0software per la visualizzazione dei documenti nei formati pi\u00f9 diffusi (es. Acrobat Reader);<\/p>\r\n<p>\u2013\u00a0\u00a0\u00a0 navigazione web;<\/p>\r\n<p>\u2013\u00a0\u00a0\u00a0 partecipazione a conferenze digitali, previa prenotazione della postazione.<\/p>\r\n<p>Non sono disponibili le seguenti funzioni:<\/p>\r\n<p>\u2013\u00a0\u00a0\u00a0 caricamento di file in rete (FTP) o su postazione locale;<\/p>\r\n<p>\u2013\u00a0\u00a0\u00a0 installazione\/rimozione software;<\/p>\r\n<p>\u2013\u00a0\u00a0\u00a0 account e lettura di posta elettronica personale;<\/p>\r\n<p>\u2013\u00a0\u00a0\u00a0 instant messaging o Chat.<\/p>\r\n<p>Le postazioni collegate in rete si possono usare esclusivamente per scopi legali e per finalit\u00e0 di studio e di ricerca. Non sono ammessi utilizzi dell\u2019hardware o del software in dotazione per scopi diversi e non in linea con le finalit\u00e0 espresse nel presente regolamento. \u00c8 severamente vietato, in particolare, effettuare acquisti online, compiere atti di pirateria informatica o di spamming, accedere a siti pornografici o d\u2019evasione, violare la privacy altrui, violare il diritto d\u2019autore. \u00c8 vietato altres\u00ec alterare dati immessi da altri, effettuare operazioni di download senza la preventiva autorizzazione della Biblioteca, inserire o ricevere qualsiasi messaggio da un proprio account. E\u2019 vietato infine alterare, rimuovere o danneggiare le configurazioni del software e dell\u2019hardware dei computer della biblioteca, ovvero installare software sui computer della Biblioteca.<\/p>\r\n<p>L\u2019utente \u00e8 responsabile in ordine alla violazione di accessi protetti, copyright e licenze e per l\u2019uso improprio del software ricevuto o prelevato dalla rete.<\/p>\r\n<p><a href=\"https:\/\/be-fly.mag-news.it\/nl\/redazione\/webedit\/#inizio\">\u00a0<\/a><\/p>\r\n<p><strong>Art. 7 \u2013 Riproduzioni<\/strong><\/p>\r\n<p>La riproduzione del materiale conservato dalla biblioteca \u00e8 consentita nel rispetto dei principii di tutela e conservazione del patrimonio documentario della Biblioteca, nonch\u00e9 delle vigenti disposizioni di legge sul diritto d\u2019autore.<\/p>\r\n<p>&nbsp;<\/p>\r\n<p><strong>Art. 8 \u2013 Diritti degli utenti<\/strong><\/p>\r\n<p>La Biblioteca s\u2018impegna a:<\/p>\r\n<p>\u2013\u00a0\u00a0\u00a0 erogare i propri servizi in modo completo, trasparente, tempestivo e imparziale;<\/p>\r\n<p>\u2013\u00a0\u00a0\u00a0 segnalare e rispettare standard di servizio improntati a criteri di efficienza, efficacia e qualit\u00e0;<\/p>\r\n<p>\u2013\u00a0\u00a0\u00a0 rispettare le vigenti disposizioni di legge a tutela della privacy e in generale\u00a0garantire la massima sicurezza e riservatezza nel trattamento dei dati riguardanti le persone che accedono alle raccolte, alle attrezzature e ai servizi della Biblioteca stessa;<\/p>\r\n<p>\u2013\u00a0\u00a0\u00a0 garantire forme adeguate di informazione e comunicazione riguardanti il proprio patrimonio, i propri servizi, le proprie scelte, le proprie iniziative;<\/p>\r\n<p>\u2013\u00a0\u00a0\u00a0 perseguire la piena soddisfazione dei propri utenti e assicurare loro la massima assistenza e cura nell\u2019uso delle risorse e dei servizi;<\/p>\r\n<p>\u2013\u00a0\u00a0\u00a0 sviluppare forme adeguate di ascolto dei propri utenti e di collaborazione con loro;<\/p>\r\n<p>\u2013\u00a0\u00a0\u00a0 tenere nella massima considerazione desiderata, suggerimenti e reclami.<\/p>\r\n<p>&nbsp;<\/p>\r\n<p><strong>Art. 9 \u2013 Disposizioni finali e transitorie<\/strong><\/p>\r\n<p>Per tutto quanto non espressamente disciplinato dal presente Regolamento, si rinvia alla Carta dei servizi del Polo Regionale Umbro (UM1) in quanto compatibile con gli spazi, le strutture, il patrimonio, le dotazioni ed i servizi messi a disposizione dalla Biblioteca di Cultura Fotografica dell\u2019Associazione Il Forno Onlus, alla legislazione regionale nonch\u00e9 al \u201cCodice dei beni culturali e del paesaggio\u201d.<\/p>\r\n<p>&nbsp;<\/p>\r\n<p>&nbsp;<\/p>\r\n<p>[\/vc_column_text][\/vc_column][\/vc_row][vc_row 0=&#8221;&#8221;][vc_column 0=&#8221;&#8221;][\/vc_column][\/vc_row][vc_row 0=&#8221;&#8221;][vc_column 0=&#8221;&#8221;][\/vc_column][\/vc_row]","protected":false},"excerpt":{"rendered":"<p>[vc_row padding_top=&#8221;60&#8243; padding_bottom=&#8221;60&#8243; bg_color=&#8221;#ffffff&#8221;][vc_column 0=&#8221;&#8221;][vc_custom_heading divide_line=&#8221;yes&#8221; divide_line_width=&#8221;70&#8243; divide_line_color=&#8221;#0066ff&#8221; text=&#8221;La biblioteca&#8221; font_container=&#8221;tag:h4|text_align:left&#8221; use_theme_fonts=&#8221;yes&#8221;][\/vc_column][vc_column width=&#8221;1\/2&#8243;][vc_column_text 0=&#8221;&#8221;] La biblioteca nasce dal Progetto &#8220;Per una Biblioteca Fotografica&#8221; di Vittorio Scanferla, collezionista di fotolibri, libraio e curatore della rubrica fotolibri storici per il mensile &#8220;Il Fotografo&#8221; e per la rivista di bibliofilia &#8220;CHarta&#8221;.\u00a0Raccoglie monografie e antologie suddivise in tre sezioni:\u00a0fotolibri [&hellip;]<\/p>\n","protected":false},"author":1,"featured_media":0,"parent":0,"menu_order":0,"comment_status":"closed","ping_status":"closed","template":"","meta":[],"_links":{"self":[{"href":"http:\/\/www.fotografiacittadellapieve.it\/home\/wp-json\/wp\/v2\/pages\/4672"}],"collection":[{"href":"http:\/\/www.fotografiacittadellapieve.it\/home\/wp-json\/wp\/v2\/pages"}],"about":[{"href":"http:\/\/www.fotografiacittadellapieve.it\/home\/wp-json\/wp\/v2\/types\/page"}],"author":[{"embeddable":true,"href":"http:\/\/www.fotografiacittadellapieve.it\/home\/wp-json\/wp\/v2\/users\/1"}],"replies":[{"embeddable":true,"href":"http:\/\/www.fotografiacittadellapieve.it\/home\/wp-json\/wp\/v2\/comments?post=4672"}],"version-history":[{"count":16,"href":"http:\/\/www.fotografiacittadellapieve.it\/home\/wp-json\/wp\/v2\/pages\/4672\/revisions"}],"predecessor-version":[{"id":6968,"href":"http:\/\/www.fotografiacittadellapieve.it\/home\/wp-json\/wp\/v2\/pages\/4672\/revisions\/6968"}],"wp:attachment":[{"href":"http:\/\/www.fotografiacittadellapieve.it\/home\/wp-json\/wp\/v2\/media?parent=4672"}],"curies":[{"name":"wp","href":"https:\/\/api.w.org\/{rel}","templated":true}]}}