{"id":4677,"date":"2017-11-14T13:01:54","date_gmt":"2017-11-14T12:01:54","guid":{"rendered":"http:\/\/www.fotografiacittadellapieve.it\/home\/?page_id=4677"},"modified":"2019-01-28T15:56:05","modified_gmt":"2019-01-28T14:56:05","slug":"associazione-il-forno","status":"publish","type":"page","link":"http:\/\/www.fotografiacittadellapieve.it\/home\/associazione-il-forno\/","title":{"rendered":"Associazione &#8220;Il forno&#8221;"},"content":{"rendered":"<p>[vc_row padding_top=&#8221;60&#8243; padding_bottom=&#8221;60&#8243; bg_color=&#8221;#ffffff&#8221;][vc_column][vc_custom_heading divide_line=&#8221;yes&#8221; divide_line_width=&#8221;70&#8243; divide_line_color=&#8221;#0066ff&#8221; text=&#8221;L&#8217;associazione &#8220;Il Forno&#8220;&#8221; font_container=&#8221;tag:h4|text_align:left&#8221; use_theme_fonts=&#8221;yes&#8221;][\/vc_column][vc_column width=&#8221;1\/2&#8243;][vc_column_text]Nel Laboratorio coesistono due anime: l\u2019Associazione culturale \u201cIl Forno\u201d ONLUS, regolarmente iscritta all\u2019anagrafe, e PHOTO CITTA DELLA PIEVE.<\/p>\n<p>L\u2019Associazione culturale \u201cIl Forno\u201d ha lo scopo di intervenire per il miglioramento delle condizioni di vita e per l\u2019inserimento o il re-inserimento sociale delle persone svantaggiate. Tali finalit\u00e0 di solidariet\u00e0 sociale sono perseguite mediante lo svolgimento di attivit\u00e0 nel settore della promozione dell\u2019Arte e della Cultura, intese nella loro accezione pi\u00f9 ampia e nelle loro molteplici forme. Tra queste, particolare attenzione \u00e8 dedicata alla fotografia, concepita sia come strumento di formazione e arricchimento umano e culturale, sia come momento d\u2019incontro e interazione tra le persone.[\/vc_column_text][\/vc_column][vc_column width=&#8221;1\/2&#8243;][vc_column_text]A tal fine l\u2019Associazione promuove attivit\u00e0 culturali quali:<\/p>\n<ul>\n<li>collaborazione con istituzioni o enti pubblici e privati del territorio al fine di poter organizzare ed attuare corsi di informazione e formazione professionale a livello artistico per il miglioramento umano e delle condizioni sociali e di vita<\/li>\n<li>dibattiti, incontri, seminari, mostre, esposizioni, documentari, lezioni di approfondimento<\/li>\n<li>attivit\u00e0 di studio, ricerca e formazione, seminari, concerti, workshop<\/li>\n<li>gruppi di studio e di lavoro per consentire di apprendere, sviluppare, accrescere e diffondere le proprie conoscenze e capacit\u00e0.<\/li>\n<\/ul>\n<p>[\/vc_column_text][\/vc_column][\/vc_row][vc_row][vc_column]<div class=\"custom-gallery\"><div class=\"row  carousel-gallery gallery-type-carousel  \"  data-gallery-margin=30 data-gallery-autoplay=true data-gallery-autoplay-timeout=5000 data-gallery-autoplay-hover=true data-gallery-loop=true data-gallery-pagination=true data-gallery-0=\"1\" data-gallery-768=\"1\" data-gallery-992=\"2\" data-gallery-1200=\"2\"><div class=\" custom-gallery-item \"><figure class=\"agni-gallery-figure\"><a href=\"http:\/\/www.fotografiacittadellapieve.it\/home\/wp-content\/uploads\/2017\/11\/degustazioni2.jpg\"><img width=\"1080\" height=\"608\" src=\"http:\/\/www.fotografiacittadellapieve.it\/home\/wp-content\/uploads\/2017\/11\/degustazioni2-1080x608.jpg\" class=\"attachment-cookie-standard-thumbnail size-cookie-standard-thumbnail\" alt=\"\" loading=\"lazy\" srcset=\"http:\/\/www.fotografiacittadellapieve.it\/home\/wp-content\/uploads\/2017\/11\/degustazioni2-1080x608.jpg 1080w, http:\/\/www.fotografiacittadellapieve.it\/home\/wp-content\/uploads\/2017\/11\/degustazioni2-360x203.jpg 360w, http:\/\/www.fotografiacittadellapieve.it\/home\/wp-content\/uploads\/2017\/11\/degustazioni2-768x432.jpg 768w, http:\/\/www.fotografiacittadellapieve.it\/home\/wp-content\/uploads\/2017\/11\/degustazioni2-1024x576.jpg 1024w, http:\/\/www.fotografiacittadellapieve.it\/home\/wp-content\/uploads\/2017\/11\/degustazioni2-640x360.jpg 640w, http:\/\/www.fotografiacittadellapieve.it\/home\/wp-content\/uploads\/2017\/11\/degustazioni2.jpg 1920w\" sizes=\"(max-width: 1080px) 100vw, 1080px\" \/><\/a><\/figure><\/div><div class=\" custom-gallery-item \"><figure class=\"agni-gallery-figure\"><a href=\"http:\/\/www.fotografiacittadellapieve.it\/home\/wp-content\/uploads\/2017\/11\/cantinetta.jpg\"><img width=\"1080\" height=\"608\" src=\"http:\/\/www.fotografiacittadellapieve.it\/home\/wp-content\/uploads\/2017\/11\/cantinetta-1080x608.jpg\" class=\"attachment-cookie-standard-thumbnail size-cookie-standard-thumbnail\" alt=\"\" loading=\"lazy\" srcset=\"http:\/\/www.fotografiacittadellapieve.it\/home\/wp-content\/uploads\/2017\/11\/cantinetta-1080x608.jpg 1080w, http:\/\/www.fotografiacittadellapieve.it\/home\/wp-content\/uploads\/2017\/11\/cantinetta-360x203.jpg 360w, http:\/\/www.fotografiacittadellapieve.it\/home\/wp-content\/uploads\/2017\/11\/cantinetta-768x432.jpg 768w, http:\/\/www.fotografiacittadellapieve.it\/home\/wp-content\/uploads\/2017\/11\/cantinetta-1024x576.jpg 1024w, http:\/\/www.fotografiacittadellapieve.it\/home\/wp-content\/uploads\/2017\/11\/cantinetta-640x360.jpg 640w, http:\/\/www.fotografiacittadellapieve.it\/home\/wp-content\/uploads\/2017\/11\/cantinetta.jpg 1920w\" sizes=\"(max-width: 1080px) 100vw, 1080px\" \/><\/a><\/figure><\/div><div class=\" custom-gallery-item \"><figure class=\"agni-gallery-figure\"><a href=\"http:\/\/www.fotografiacittadellapieve.it\/home\/wp-content\/uploads\/2017\/11\/forno2.jpg\"><img width=\"1080\" height=\"608\" src=\"http:\/\/www.fotografiacittadellapieve.it\/home\/wp-content\/uploads\/2017\/11\/forno2-1080x608.jpg\" class=\"attachment-cookie-standard-thumbnail size-cookie-standard-thumbnail\" alt=\"\" loading=\"lazy\" srcset=\"http:\/\/www.fotografiacittadellapieve.it\/home\/wp-content\/uploads\/2017\/11\/forno2-1080x608.jpg 1080w, http:\/\/www.fotografiacittadellapieve.it\/home\/wp-content\/uploads\/2017\/11\/forno2-360x203.jpg 360w, http:\/\/www.fotografiacittadellapieve.it\/home\/wp-content\/uploads\/2017\/11\/forno2-768x432.jpg 768w, http:\/\/www.fotografiacittadellapieve.it\/home\/wp-content\/uploads\/2017\/11\/forno2-1024x576.jpg 1024w, http:\/\/www.fotografiacittadellapieve.it\/home\/wp-content\/uploads\/2017\/11\/forno2-640x360.jpg 640w, http:\/\/www.fotografiacittadellapieve.it\/home\/wp-content\/uploads\/2017\/11\/forno2.jpg 1920w\" sizes=\"(max-width: 1080px) 100vw, 1080px\" \/><\/a><\/figure><\/div><\/div><\/div>[\/vc_column][\/vc_row][vc_row padding_bottom=&#8221;60&#8243; bg_color=&#8221;#ffffff&#8221;][vc_column][vc_custom_heading divide_line=&#8221;yes&#8221; divide_line_width=&#8221;70&#8243; divide_line_color=&#8221;#0066ff&#8221; text=&#8221;Iscriviti all&#8217;associazione&#8221; font_container=&#8221;tag:h4|text_align:left&#8221; use_theme_fonts=&#8221;yes&#8221;][\/vc_column][vc_column width=&#8221;1\/2&#8243;][vc_column_text]E&#8217; possibile richiedere l&#8217;iscrizione compilando l\u2019apposita <strong>domanda di ammissione<\/strong> presso la segreteria dell\u2019Associazione, in Via F. Melosio 20\/26 a Citt\u00e0 della Pieve.[\/vc_column_text][\/vc_column][vc_column width=&#8221;1\/2&#8243;][vc_column_text]Dal gioved\u00ec al sabato ore 10\/13 e 15.30\/19.30, Domenica 10\/13. La validit\u00e0 della tessera \u00e8 <strong>annuale<\/strong>. I soci parteciperanno ad incontri tematici, letture, seminari e dibattiti di approfondimento.[\/vc_column_text][\/vc_column][vc_column width=&#8221;1\/2&#8243;]\n<div class=\"wpcf7 no-js\" id=\"wpcf7-f4693-o1\" lang=\"it-IT\" dir=\"ltr\">\n<div class=\"screen-reader-response\"><p role=\"status\" aria-live=\"polite\" aria-atomic=\"true\"><\/p> <ul><\/ul><\/div>\n<form action=\"\/home\/wp-json\/wp\/v2\/pages\/4677#wpcf7-f4693-o1\" method=\"post\" class=\"wpcf7-form init\" aria-label=\"Modulo di contatto\" novalidate=\"novalidate\" data-status=\"init\">\n<div style=\"display: none;\">\n<input type=\"hidden\" name=\"_wpcf7\" value=\"4693\" \/>\n<input type=\"hidden\" name=\"_wpcf7_version\" value=\"5.7.7\" \/>\n<input type=\"hidden\" name=\"_wpcf7_locale\" value=\"it_IT\" \/>\n<input type=\"hidden\" name=\"_wpcf7_unit_tag\" value=\"wpcf7-f4693-o1\" \/>\n<input type=\"hidden\" name=\"_wpcf7_container_post\" value=\"0\" \/>\n<input type=\"hidden\" name=\"_wpcf7_posted_data_hash\" value=\"\" \/>\n<\/div>\n<div class=\"row cookie-contact-form-2\">\n\t<div class=\"col-sm-12 col-md-12\">\n\t\t<p><span class=\"wpcf7-form-control-wrap\" data-name=\"nome\"><input size=\"40\" class=\"wpcf7-form-control wpcf7-text wpcf7-validates-as-required\" aria-required=\"true\" aria-invalid=\"false\" placeholder=\"Nome e Cognome\" value=\"\" type=\"text\" name=\"nome\" \/><\/span><br \/>\n<span class=\"wpcf7-form-control-wrap\" data-name=\"data\"><input size=\"40\" class=\"wpcf7-form-control wpcf7-text wpcf7-validates-as-required\" aria-required=\"true\" aria-invalid=\"false\" placeholder=\"Luogo e data di nascita\" value=\"\" type=\"text\" name=\"data\" \/><\/span><br \/>\n<span class=\"wpcf7-form-control-wrap\" data-name=\"indirizzo\"><input size=\"40\" class=\"wpcf7-form-control wpcf7-text wpcf7-validates-as-required\" aria-required=\"true\" aria-invalid=\"false\" placeholder=\"Indirizzo (via\/civico\/cap\/comune\/provincia)\" value=\"\" type=\"text\" name=\"indirizzo\" \/><\/span><br \/>\n<span class=\"wpcf7-form-control-wrap\" data-name=\"professione\"><input size=\"40\" class=\"wpcf7-form-control wpcf7-text wpcf7-validates-as-required\" aria-required=\"true\" aria-invalid=\"false\" placeholder=\"Professione\" value=\"\" type=\"text\" name=\"professione\" \/><\/span><br \/>\n<span class=\"wpcf7-form-control-wrap\" data-name=\"codicefiscale\"><input size=\"40\" class=\"wpcf7-form-control wpcf7-text wpcf7-validates-as-required\" aria-required=\"true\" aria-invalid=\"false\" placeholder=\"Codice Fiscale\" value=\"\" type=\"text\" name=\"codicefiscale\" \/><\/span><br \/>\n<span class=\"wpcf7-form-control-wrap\" data-name=\"telefono\"><input size=\"40\" class=\"wpcf7-form-control wpcf7-text wpcf7-tel wpcf7-validates-as-required wpcf7-validates-as-tel\" aria-required=\"true\" aria-invalid=\"false\" placeholder=\"Telefono\" value=\"\" type=\"tel\" name=\"telefono\" \/><\/span><br \/>\n<span class=\"wpcf7-form-control-wrap\" data-name=\"email\"><input size=\"40\" class=\"wpcf7-form-control wpcf7-text wpcf7-email wpcf7-validates-as-required wpcf7-validates-as-email\" aria-required=\"true\" aria-invalid=\"false\" placeholder=\"Email\" value=\"\" type=\"email\" name=\"email\" \/><\/span><br \/>\nAutorizzo al trattamento dei dati<br \/>\n<span class=\"wpcf7-form-control-wrap\" data-name=\"acceptance-privacy\"><span class=\"wpcf7-form-control wpcf7-acceptance\"><span class=\"wpcf7-list-item\"><input type=\"checkbox\" name=\"acceptance-privacy\" value=\"1\" checked=\"checked\" aria-invalid=\"false\" \/><\/span><\/span><\/span><br \/>\n<a href=\"http:\/\/www.fotografiacittadellapieve.it\/home\/privacy\/\" target=\"_blank\" rel=\"noopener\">Leggi l'informativa sulla privacy<\/a><br \/>\n[recaptcha]<br \/>\n<input class=\"wpcf7-form-control has-spinner wpcf7-submit\" type=\"submit\" value=\"Invia\" \/>\n\t\t<\/p>\n\t<\/div>\n<\/div><p style=\"display: none !important;\"><label>&#916;<textarea name=\"_wpcf7_ak_hp_textarea\" cols=\"45\" rows=\"8\" maxlength=\"100\"><\/textarea><\/label><input type=\"hidden\" id=\"ak_js_1\" name=\"_wpcf7_ak_js\" value=\"4\"\/><script>document.getElementById( \"ak_js_1\" ).setAttribute( \"value\", ( new Date() ).getTime() );<\/script><\/p><div class=\"wpcf7-response-output\" aria-hidden=\"true\"><\/div>\n<\/form>\n<\/div>\n[\/vc_column][vc_column width=&#8221;1\/2&#8243;][\/vc_column][\/vc_row]<\/p>\n","protected":false},"excerpt":{"rendered":"<p>[vc_row padding_top=&#8221;60&#8243; padding_bottom=&#8221;60&#8243; bg_color=&#8221;#ffffff&#8221;][vc_column][vc_custom_heading divide_line=&#8221;yes&#8221; divide_line_width=&#8221;70&#8243; divide_line_color=&#8221;#0066ff&#8221; text=&#8221;L&#8217;associazione &#8220;Il Forno&#8220;&#8221; font_container=&#8221;tag:h4|text_align:left&#8221; use_theme_fonts=&#8221;yes&#8221;][\/vc_column][vc_column width=&#8221;1\/2&#8243;][vc_column_text]Nel Laboratorio coesistono due anime: l\u2019Associazione culturale \u201cIl Forno\u201d ONLUS, regolarmente iscritta all\u2019anagrafe, e PHOTO CITTA DELLA PIEVE. L\u2019Associazione culturale \u201cIl Forno\u201d ha lo scopo di intervenire per il miglioramento delle condizioni di vita e per l\u2019inserimento o il re-inserimento sociale delle persone [&hellip;]<\/p>\n","protected":false},"author":1,"featured_media":0,"parent":0,"menu_order":0,"comment_status":"closed","ping_status":"closed","template":"","meta":[],"_links":{"self":[{"href":"http:\/\/www.fotografiacittadellapieve.it\/home\/wp-json\/wp\/v2\/pages\/4677"}],"collection":[{"href":"http:\/\/www.fotografiacittadellapieve.it\/home\/wp-json\/wp\/v2\/pages"}],"about":[{"href":"http:\/\/www.fotografiacittadellapieve.it\/home\/wp-json\/wp\/v2\/types\/page"}],"author":[{"embeddable":true,"href":"http:\/\/www.fotografiacittadellapieve.it\/home\/wp-json\/wp\/v2\/users\/1"}],"replies":[{"embeddable":true,"href":"http:\/\/www.fotografiacittadellapieve.it\/home\/wp-json\/wp\/v2\/comments?post=4677"}],"version-history":[{"count":28,"href":"http:\/\/www.fotografiacittadellapieve.it\/home\/wp-json\/wp\/v2\/pages\/4677\/revisions"}],"predecessor-version":[{"id":5153,"href":"http:\/\/www.fotografiacittadellapieve.it\/home\/wp-json\/wp\/v2\/pages\/4677\/revisions\/5153"}],"wp:attachment":[{"href":"http:\/\/www.fotografiacittadellapieve.it\/home\/wp-json\/wp\/v2\/media?parent=4677"}],"curies":[{"name":"wp","href":"https:\/\/api.w.org\/{rel}","templated":true}]}}