{"id":4722,"date":"2017-11-17T09:18:15","date_gmt":"2017-11-17T08:18:15","guid":{"rendered":"http:\/\/www.fotografiacittadellapieve.it\/home\/?page_id=4722"},"modified":"2017-11-17T09:20:26","modified_gmt":"2017-11-17T08:20:26","slug":"privacy","status":"publish","type":"page","link":"http:\/\/www.fotografiacittadellapieve.it\/home\/privacy\/","title":{"rendered":"Privacy"},"content":{"rendered":"<p>[vc_row padding_top=&#8221;60&#8243; padding_bottom=&#8221;60&#8243;][vc_column][vc_custom_heading divide_line=&#8221;yes&#8221; divide_line_width=&#8221;70&#8243; divide_line_color=&#8221;#0066ff&#8221; text=&#8221;Privacy&#8221; font_container=&#8221;tag:h4|text_align:left&#8221; use_theme_fonts=&#8221;yes&#8221;][\/vc_column][vc_column][vc_column_text]Ai sensi dell\u2019art.13 del D.Lgs. n.196\/2003, La informiamo che i dati da Lei forniti saranno trattati per l\u2019espletamento del servizio da Lei richiesto, mediante strumenti manuali o informatici, per l\u2019adempimento dei connessi obblighi di legge, nonch\u00e9 per le attivit\u00e0 connesse e strumentali alla gestione del rapporto contrattuale.<br \/>\nPer queste finalit\u00e0, il conferimento dei dati \u00e8 obbligatorio. In assenza del conferimento dei dati, non sar\u00e0 possibile fornire il servizio.<br \/>\nIl Titolare ASSOCIAZIONE CULTURALE IL FORNO adotta tutte le misure fisiche e logiche idonee a garantire la sicurezza e la riservatezza dei dati personali, nel rispetto degli artt. 31-36 del d.lgs. n. 196\/2003, con accesso ai dati controllato e limitato a soggetti autorizzati.<br \/>\nI dati saranno conservati su supporto informatico per il tempo strettamente necessario all\u2019espletamento del servizio<br \/>\nPer la gestione del servizio da Lei richiesto i dati saranno trattati \u2013\u00a0in qualit\u00e0 di Incaricati e sotto la diretta autorit\u00e0 del Titolare \u2013\u00a0dagli addetti alle elaborazioni di tali dati e da un \u201camministratore di sistema\u201d, con il compito di sovrintendere alle risorse del sistema informativo e delle banche dati gestite.<br \/>\n\u00c8 stato designato dalla nostra associazione un responsabile del trattamento dei dati.<br \/>\nPer l\u2019esercizio dei diritti di cui all\u2019art. 7 del d.lgs. n. 196\/2003, Lei potr\u00e0 rivolgersi al Responsabile Privacy all\u2019indirizzo di posta elettronica di associazioneculturaleilforno@gmail.com<\/p>\n<ol>\n<li>L\u2019interessato ha diritto di ottenere la conferma dell\u2019esistenza o meno di dati personali che lo riguardano, anche se non ancora registrati, e la loro comunicazione in forma intelligibile.<\/li>\n<li>L\u2019interessato ha diritto di ottenere l\u2019indicazione:<br \/>\na) dell\u2019origine dei dati personali;<br \/>\nb) delle finalit\u00e0 e modalit\u00e0 del trattamento;<br \/>\nc) della logica applicata in caso di trattamento effettuato con l\u2019ausilio di strumenti elettronici;<br \/>\nd) degli estremi identificativi del Titolare, dei Responsabili e del Rappresentante designato ai sensi dell\u2019articolo 5, comma 2;<br \/>\ne) dei soggetti o delle categorie di soggetti ai quali i dati personali possono essere comunicati o che possono venirne a conoscenza in qualit\u00e0 di Rappresentante designato nel territorio dello Stato, di Responsabili o Incaricati.<\/li>\n<li>L\u2019interessato ha diritto di ottenere:<br \/>\na) l\u2019aggiornamento, la rettificazione ovvero, quando vi ha interesse, l\u2019integrazione dei dati;<br \/>\nb) la cancellazione, la trasformazione in forma anonima o il blocco dei dati trattati in violazione di legge, compresi quelli di cui non \u00e8 necessaria la conservazione in relazione agli scopi per i quali i dati sono stati raccolti o successivamente trattati;<br \/>\nc) l\u2019attestazione che le operazioni di cui alle lettere a) e b) sono state portate a conoscenza, anche per quanto riguarda il loro contenuto, di coloro ai quali i dati sono stati comunicati o diffusi, eccettuato il caso in cui tale adempimento si rivela impossibile o comporta un impiego di mezzi manifestamente sproporzionato rispetto al diritto tutelato.<\/li>\n<li>L\u2019interessato ha diritto di opporsi, in tutto o in parte:<br \/>\na) per motivi legittimi al trattamento dei dati personali che lo riguardano, ancorch\u00e9 pertinenti allo scopo della raccolta;<br \/>\nb) al trattamento di dati personali che lo riguardano a fini di invio di materiale pubblicitario o di vendita diretta o per il compimento di ricerche di mercato o di comunicazione commerciale.<\/li>\n<\/ol>\n<p>[\/vc_column_text][\/vc_column][\/vc_row]<\/p>\n","protected":false},"excerpt":{"rendered":"<p>[vc_row padding_top=&#8221;60&#8243; padding_bottom=&#8221;60&#8243;][vc_column][vc_custom_heading divide_line=&#8221;yes&#8221; divide_line_width=&#8221;70&#8243; divide_line_color=&#8221;#0066ff&#8221; text=&#8221;Privacy&#8221; font_container=&#8221;tag:h4|text_align:left&#8221; use_theme_fonts=&#8221;yes&#8221;][\/vc_column][vc_column][vc_column_text]Ai sensi dell\u2019art.13 del D.Lgs. n.196\/2003, La informiamo che i dati da Lei forniti saranno trattati per l\u2019espletamento del servizio da Lei richiesto, mediante strumenti manuali o informatici, per l\u2019adempimento dei connessi obblighi di legge, nonch\u00e9 per le attivit\u00e0 connesse e strumentali alla gestione del rapporto contrattuale. [&hellip;]<\/p>\n","protected":false},"author":1,"featured_media":0,"parent":0,"menu_order":0,"comment_status":"closed","ping_status":"closed","template":"","meta":[],"_links":{"self":[{"href":"http:\/\/www.fotografiacittadellapieve.it\/home\/wp-json\/wp\/v2\/pages\/4722"}],"collection":[{"href":"http:\/\/www.fotografiacittadellapieve.it\/home\/wp-json\/wp\/v2\/pages"}],"about":[{"href":"http:\/\/www.fotografiacittadellapieve.it\/home\/wp-json\/wp\/v2\/types\/page"}],"author":[{"embeddable":true,"href":"http:\/\/www.fotografiacittadellapieve.it\/home\/wp-json\/wp\/v2\/users\/1"}],"replies":[{"embeddable":true,"href":"http:\/\/www.fotografiacittadellapieve.it\/home\/wp-json\/wp\/v2\/comments?post=4722"}],"version-history":[{"count":2,"href":"http:\/\/www.fotografiacittadellapieve.it\/home\/wp-json\/wp\/v2\/pages\/4722\/revisions"}],"predecessor-version":[{"id":4724,"href":"http:\/\/www.fotografiacittadellapieve.it\/home\/wp-json\/wp\/v2\/pages\/4722\/revisions\/4724"}],"wp:attachment":[{"href":"http:\/\/www.fotografiacittadellapieve.it\/home\/wp-json\/wp\/v2\/media?parent=4722"}],"curies":[{"name":"wp","href":"https:\/\/api.w.org\/{rel}","templated":true}]}}