{"id":7049,"date":"2023-03-03T18:55:12","date_gmt":"2023-03-03T17:55:12","guid":{"rendered":"http:\/\/www.fotografiacittadellapieve.it\/home\/?page_id=7049"},"modified":"2023-08-24T17:22:34","modified_gmt":"2023-08-24T15:22:34","slug":"audiovisivo","status":"publish","type":"page","link":"http:\/\/www.fotografiacittadellapieve.it\/home\/audiovisivo\/","title":{"rendered":"Audiovisivo"},"content":{"rendered":"<p>[vc_row padding_top=&#8221;120&#8243;][vc_column css=&#8221;.vc_custom_1449456169388{padding-right: 0px !important;padding-left: 0px !important;}&#8221;]<div class=\" section-heading text-center ihda\"><h2 class=\"heading\" style=\"font-size:36px\">Corti<\/h2><div class=\"divide-line text-center\"><span style=\"width:180px; height:1px; background-color:#0066ff\"><\/span><\/div><\/div>[\/vc_column][\/vc_row][vc_row][vc_column width=&#8221;1\/2&#8243;]<div class=\" service-box service-box-style-6 text-left \">\r\n\t\t\t\t\t<h5 class=\"service-box-text\">L'antico Forno Bassini<\/h5>\r\n\t\t\t\t\t<h5 class=\"heading\"><\/h5>\r\n\t\t\t\t\t<div class=\"divide-line text-left\"><span><\/span><\/div>\r\n\t\t\t\t\t<p><a href=\"https:\/\/www.youtube.com\/watch?v=sbRDEx1RJTA\"><img loading=\"lazy\" class=\"alignnone wp-image-7061 size-medium\" src=\"http:\/\/www.fotografiacittadellapieve.it\/home\/wp-content\/uploads\/2023\/03\/Cover-360x203.jpg\" alt=\"\" width=\"360\" height=\"203\" srcset=\"http:\/\/www.fotografiacittadellapieve.it\/home\/wp-content\/uploads\/2023\/03\/Cover-360x203.jpg 360w, http:\/\/www.fotografiacittadellapieve.it\/home\/wp-content\/uploads\/2023\/03\/Cover-768x432.jpg 768w, http:\/\/www.fotografiacittadellapieve.it\/home\/wp-content\/uploads\/2023\/03\/Cover-640x360.jpg 640w, http:\/\/www.fotografiacittadellapieve.it\/home\/wp-content\/uploads\/2023\/03\/Cover.jpg 1024w\" sizes=\"(max-width: 360px) 100vw, 360px\" \/><\/a><\/p>\n<p>&nbsp;<\/p>\n\r\n\t\t\t\t<\/div><div class=\" custom-video-link custom-iframe-style-2\"><a href=\"https:\/\/www.youtube.com\/watch?v=sbRDEx1RJTA\"><span class=\" agni-icon \" style=\"border-radius:50%; color:#ffffff; \"><i class=\"ion-ios-videocam-outline  \" style=\"font-size:32px; border-radius:50%; color:#000000; \"><\/i><\/span><\/a><\/div><div class=\" service-box service-box-style-6 text-left \">\r\n\t\t\t\t\t\r\n\t\t\t\t\t<h5 class=\"heading\"><\/h5>\r\n\t\t\t\t\t<div class=\"divide-line text-left\"><span><\/span><\/div>\r\n\t\t\t\t\t<p>Racconto dell&#8217;antico forno attraverso il ricordo di Osvaldo Bassini, ultimo erede. Regista Mario Gianni<\/p>\n<p>&nbsp;<\/p>\n<p>&nbsp;<\/p>\n<p>2017 &#8211; minuti 19:40<\/p>\n<hr \/>\n<p>&nbsp;<\/p>\n\r\n\t\t\t\t<\/div><div class=\" service-box service-box-style-6 text-left \">\r\n\t\t\t\t\t<h5 class=\"service-box-text\">Surrealisme Perugino<\/h5>\r\n\t\t\t\t\t<h5 class=\"heading\"><\/h5>\r\n\t\t\t\t\t<div class=\"divide-line text-left\"><span><\/span><\/div>\r\n\t\t\t\t\t<p><img loading=\"lazy\" class=\"alignnone size-medium wp-image-7101\" src=\"http:\/\/www.fotografiacittadellapieve.it\/home\/wp-content\/uploads\/2023\/03\/Cover-1-1-360x202.png\" alt=\"\" width=\"360\" height=\"202\" srcset=\"http:\/\/www.fotografiacittadellapieve.it\/home\/wp-content\/uploads\/2023\/03\/Cover-1-1-360x202.png 360w, http:\/\/www.fotografiacittadellapieve.it\/home\/wp-content\/uploads\/2023\/03\/Cover-1-1-1024x574.png 1024w, http:\/\/www.fotografiacittadellapieve.it\/home\/wp-content\/uploads\/2023\/03\/Cover-1-1-768x431.png 768w, http:\/\/www.fotografiacittadellapieve.it\/home\/wp-content\/uploads\/2023\/03\/Cover-1-1-1536x861.png 1536w, http:\/\/www.fotografiacittadellapieve.it\/home\/wp-content\/uploads\/2023\/03\/Cover-1-1-2048x1148.png 2048w, http:\/\/www.fotografiacittadellapieve.it\/home\/wp-content\/uploads\/2023\/03\/Cover-1-1-1080x605.png 1080w, http:\/\/www.fotografiacittadellapieve.it\/home\/wp-content\/uploads\/2023\/03\/Cover-1-1-640x359.png 640w\" sizes=\"(max-width: 360px) 100vw, 360px\" \/><\/p>\n<p>&nbsp;<\/p>\n\r\n\t\t\t\t<\/div><div class=\" custom-video-link custom-iframe-style-2\"><a href=\"https:\/\/www.youtube.com\/watch?v=zEBtfxA4Fmk\"><span class=\" agni-icon \" style=\"border-radius:50%; color:#ffffff; \"><i class=\"ion-ios-videocam-outline  \" style=\"font-size:32px; border-radius:50%; color:#000000; \"><\/i><\/span><\/a><\/div><div class=\" service-box service-box-style-6 text-left \">\r\n\t\t\t\t\t\r\n\t\t\t\t\t<h5 class=\"heading\"><\/h5>\r\n\t\t\t\t\t<div class=\"divide-line text-left\"><span><\/span><\/div>\r\n\t\t\t\t\t<p>Intervista al fotografo Maurizio Galimberti che racconta la mostra fotografica &#8220;Surrealisme Perugino&#8221;a cura di FilmService<\/p>\n<p>&nbsp;<\/p>\n<p>&nbsp;<\/p>\n<p>&nbsp;<\/p>\n<p>2018- minuti 6:56<\/p>\n<hr \/>\n<p>&nbsp;<\/p>\n\r\n\t\t\t\t<\/div><div class=\" service-box service-box-style-6 text-left \">\r\n\t\t\t\t\t<h5 class=\"service-box-text\">Ritratti e Memorie Pievesi<\/h5>\r\n\t\t\t\t\t<h5 class=\"heading\"><\/h5>\r\n\t\t\t\t\t<div class=\"divide-line text-left\"><span><\/span><\/div>\r\n\t\t\t\t\t<p><img loading=\"lazy\" class=\"alignnone wp-image-7064 size-medium\" src=\"http:\/\/www.fotografiacittadellapieve.it\/home\/wp-content\/uploads\/2023\/03\/Cover-il-novecento-360x201.png\" alt=\"\" width=\"360\" height=\"201\" srcset=\"http:\/\/www.fotografiacittadellapieve.it\/home\/wp-content\/uploads\/2023\/03\/Cover-il-novecento-360x201.png 360w, http:\/\/www.fotografiacittadellapieve.it\/home\/wp-content\/uploads\/2023\/03\/Cover-il-novecento-1024x571.png 1024w, http:\/\/www.fotografiacittadellapieve.it\/home\/wp-content\/uploads\/2023\/03\/Cover-il-novecento-768x428.png 768w, http:\/\/www.fotografiacittadellapieve.it\/home\/wp-content\/uploads\/2023\/03\/Cover-il-novecento-1536x856.png 1536w, http:\/\/www.fotografiacittadellapieve.it\/home\/wp-content\/uploads\/2023\/03\/Cover-il-novecento-2048x1142.png 2048w, http:\/\/www.fotografiacittadellapieve.it\/home\/wp-content\/uploads\/2023\/03\/Cover-il-novecento-1080x602.png 1080w, http:\/\/www.fotografiacittadellapieve.it\/home\/wp-content\/uploads\/2023\/03\/Cover-il-novecento-640x357.png 640w\" sizes=\"(max-width: 360px) 100vw, 360px\" \/><\/p>\n<p>&nbsp;<\/p>\n\r\n\t\t\t\t<\/div><div class=\" custom-video-link custom-iframe-style-2\"><a href=\"https:\/\/www.youtube.com\/watch?v=sCGIfeKj9jQ\"><span class=\" agni-icon \" style=\"border-radius:50%; color:#ffffff; \"><i class=\"ion-ios-videocam-outline  \" style=\"font-size:32px; border-radius:50%; color:#000000; \"><\/i><\/span><\/a><\/div><div class=\" service-box service-box-style-6 text-left \">\r\n\t\t\t\t\t\r\n\t\t\t\t\t<h5 class=\"heading\"><\/h5>\r\n\t\t\t\t\t<div class=\"divide-line text-left\"><span><\/span><\/div>\r\n\t\t\t\t\t<p>Il regista Mario Gianni intervista i cittadini di Citt\u00e0 della Pieve per scoprire le memorie del paese e i ricordi del vecchio forno Bassini. Maria Luisa Meo racconta il novecento.<\/p>\n<p>&nbsp;<\/p>\n<p>2019- minuti 17:04<\/p>\n<hr \/>\n<p>&nbsp;<\/p>\n\r\n\t\t\t\t<\/div><div class=\" service-box service-box-style-6 text-left \">\r\n\t\t\t\t\t<h5 class=\"service-box-text\">Ritratti e Memorie Pievesi<\/h5>\r\n\t\t\t\t\t<h5 class=\"heading\"><\/h5>\r\n\t\t\t\t\t<div class=\"divide-line text-left\"><span><\/span><\/div>\r\n\t\t\t\t\t<p><img loading=\"lazy\" class=\"alignnone size-medium wp-image-7305\" src=\"http:\/\/www.fotografiacittadellapieve.it\/home\/wp-content\/uploads\/2023\/08\/Schermata-2023-08-03-alle-15.54.22-360x203.png\" alt=\"\" width=\"360\" height=\"203\" srcset=\"http:\/\/www.fotografiacittadellapieve.it\/home\/wp-content\/uploads\/2023\/08\/Schermata-2023-08-03-alle-15.54.22-360x203.png 360w, http:\/\/www.fotografiacittadellapieve.it\/home\/wp-content\/uploads\/2023\/08\/Schermata-2023-08-03-alle-15.54.22-1024x576.png 1024w, http:\/\/www.fotografiacittadellapieve.it\/home\/wp-content\/uploads\/2023\/08\/Schermata-2023-08-03-alle-15.54.22-768x432.png 768w, http:\/\/www.fotografiacittadellapieve.it\/home\/wp-content\/uploads\/2023\/08\/Schermata-2023-08-03-alle-15.54.22-1536x865.png 1536w, http:\/\/www.fotografiacittadellapieve.it\/home\/wp-content\/uploads\/2023\/08\/Schermata-2023-08-03-alle-15.54.22-2048x1153.png 2048w, http:\/\/www.fotografiacittadellapieve.it\/home\/wp-content\/uploads\/2023\/08\/Schermata-2023-08-03-alle-15.54.22-1080x608.png 1080w, http:\/\/www.fotografiacittadellapieve.it\/home\/wp-content\/uploads\/2023\/08\/Schermata-2023-08-03-alle-15.54.22-640x360.png 640w\" sizes=\"(max-width: 360px) 100vw, 360px\" \/><\/p>\n<p>&nbsp;<\/p>\n\r\n\t\t\t\t<\/div><div class=\" custom-video-link custom-iframe-style-2\"><a href=\"https:\/\/www.youtube.com\/watch?v=3r9vKKENhCE\"><span class=\" agni-icon \" style=\"border-radius:50%; color:#ffffff; \"><i class=\"ion-ios-videocam-outline  \" style=\"font-size:32px; border-radius:50%; color:#000000; \"><\/i><\/span><\/a><\/div><div class=\" service-box service-box-style-6 text-left \">\r\n\t\t\t\t\t\r\n\t\t\t\t\t<h5 class=\"heading\"><\/h5>\r\n\t\t\t\t\t<div class=\"divide-line text-left\"><span><\/span><\/div>\r\n\t\t\t\t\t<p>Il regista Mario Gianni intervista i cittadini di Citt\u00e0 della Pieve per scoprire le memorie del paese e i ricordi del vecchio forno Bassini. La scuola<\/p>\n<p>&nbsp;<\/p>\n<p>2019- minuti 15:27<\/p>\n<hr \/>\n<p>&nbsp;<\/p>\n\r\n\t\t\t\t<\/div>[\/vc_column][vc_column width=&#8221;1\/2&#8243;]<div class=\" service-box service-box-style-6 text-left \">\r\n\t\t\t\t\t<h5 class=\"service-box-text\">Ritratti e Memorie Pievesi<\/h5>\r\n\t\t\t\t\t<h5 class=\"heading\"><\/h5>\r\n\t\t\t\t\t<div class=\"divide-line text-left\"><span><\/span><\/div>\r\n\t\t\t\t\t<p><img loading=\"lazy\" class=\"alignnone size-medium wp-image-7199\" src=\"http:\/\/www.fotografiacittadellapieve.it\/home\/wp-content\/uploads\/2023\/07\/Cover-Le-confraternite-e-i-Terzieri-360x200.png\" alt=\"\" width=\"360\" height=\"200\" srcset=\"http:\/\/www.fotografiacittadellapieve.it\/home\/wp-content\/uploads\/2023\/07\/Cover-Le-confraternite-e-i-Terzieri-360x200.png 360w, http:\/\/www.fotografiacittadellapieve.it\/home\/wp-content\/uploads\/2023\/07\/Cover-Le-confraternite-e-i-Terzieri-1024x568.png 1024w, http:\/\/www.fotografiacittadellapieve.it\/home\/wp-content\/uploads\/2023\/07\/Cover-Le-confraternite-e-i-Terzieri-768x426.png 768w, http:\/\/www.fotografiacittadellapieve.it\/home\/wp-content\/uploads\/2023\/07\/Cover-Le-confraternite-e-i-Terzieri-1536x853.png 1536w, http:\/\/www.fotografiacittadellapieve.it\/home\/wp-content\/uploads\/2023\/07\/Cover-Le-confraternite-e-i-Terzieri-2048x1137.png 2048w, http:\/\/www.fotografiacittadellapieve.it\/home\/wp-content\/uploads\/2023\/07\/Cover-Le-confraternite-e-i-Terzieri-1080x599.png 1080w, http:\/\/www.fotografiacittadellapieve.it\/home\/wp-content\/uploads\/2023\/07\/Cover-Le-confraternite-e-i-Terzieri-640x355.png 640w\" sizes=\"(max-width: 360px) 100vw, 360px\" \/><\/p>\n<p>&nbsp;<\/p>\n\r\n\t\t\t\t<\/div><div class=\" custom-video-link custom-iframe-style-2\"><a href=\"https:\/\/www.youtube.com\/watch?v=nm0V-O4TMhg\"><span class=\" agni-icon \" style=\"border-radius:50%; color:#ffffff; \"><i class=\"ion-ios-videocam-outline  \" style=\"font-size:32px; border-radius:50%; color:#000000; \"><\/i><\/span><\/a><\/div><div class=\" service-box service-box-style-6 text-left \">\r\n\t\t\t\t\t\r\n\t\t\t\t\t<h5 class=\"heading\"><\/h5>\r\n\t\t\t\t\t<div class=\"divide-line text-left\"><span><\/span><\/div>\r\n\t\t\t\t\t<p>Il regista Mario Gianni intervista i cittadini di Citt\u00e0 della Pieve per scoprire le memorie del paese e i ricordi del vecchio forno Bassini. Le confraternite e i Terzieri<\/p>\n<p>&nbsp;<\/p>\n<p>2019- minuti 21:45<\/p>\n<hr \/>\n<p>&nbsp;<\/p>\n\r\n\t\t\t\t<\/div><div class=\"<iframe width=``560`` height=``315`` src=``https:\/\/www.youtube.com\/embed\/YloFnpR8Rn0`` title=``YouTube video player`` frameborder=``0`` allow=``accelerometer; autoplay; clipboard-write; encrypted-media; gyroscope; picture-in-picture; web-share`` allowfullscreen><\/iframe> service-box service-box-style-6 text-left \">\r\n\t\t\t\t\t<h5 class=\"service-box-text\">Senza polvere senza peso <\/h5>\r\n\t\t\t\t\t<h5 class=\"heading\"><\/h5>\r\n\t\t\t\t\t<div class=\"divide-line text-left\"><span><\/span><\/div>\r\n\t\t\t\t\t<p><img loading=\"lazy\" class=\"alignnone size-medium wp-image-7197\" src=\"http:\/\/www.fotografiacittadellapieve.it\/home\/wp-content\/uploads\/2023\/07\/Cover-360x197.png\" alt=\"\" width=\"360\" height=\"197\" srcset=\"http:\/\/www.fotografiacittadellapieve.it\/home\/wp-content\/uploads\/2023\/07\/Cover-360x197.png 360w, http:\/\/www.fotografiacittadellapieve.it\/home\/wp-content\/uploads\/2023\/07\/Cover-1024x560.png 1024w, http:\/\/www.fotografiacittadellapieve.it\/home\/wp-content\/uploads\/2023\/07\/Cover-768x420.png 768w, http:\/\/www.fotografiacittadellapieve.it\/home\/wp-content\/uploads\/2023\/07\/Cover-1536x840.png 1536w, http:\/\/www.fotografiacittadellapieve.it\/home\/wp-content\/uploads\/2023\/07\/Cover-2048x1120.png 2048w, http:\/\/www.fotografiacittadellapieve.it\/home\/wp-content\/uploads\/2023\/07\/Cover-1080x590.png 1080w, http:\/\/www.fotografiacittadellapieve.it\/home\/wp-content\/uploads\/2023\/07\/Cover-640x350.png 640w\" sizes=\"(max-width: 360px) 100vw, 360px\" \/><\/p>\n<p>&nbsp;<\/p>\n\r\n\t\t\t\t<\/div><div class=\" custom-video-link custom-iframe-style-2\"><a href=\"https:\/\/www.youtube.com\/watch?v=YloFnpR8Rn0\"><span class=\" agni-icon \" style=\"border-radius:50%; color:#ffffff; \"><i class=\"ion-ios-videocam-outline  \" style=\"font-size:32px; border-radius:50%; color:#000000; \"><\/i><\/span><\/a><\/div><div class=\" service-box service-box-style-6 text-left \">\r\n\t\t\t\t\t\r\n\t\t\t\t\t<h5 class=\"heading\"><\/h5>\r\n\t\t\t\t\t<div class=\"divide-line text-left\"><span><\/span><\/div>\r\n\t\t\t\t\t<p>Vi invitiamo ad immergervi nel cortometraggio del progetto fotografico &#8220;Senza polvere senza peso, tre passi nel tempo profondo&#8221; di Alessandra Baldoni, diretto dal regista Mario Gianni. In questo corto, sarete guidati in tre passi affascinanti, in cui l&#8217;arte della fotografia svela il suo potere di raccontare storie senza tempo.<\/p>\n<p>&nbsp;<\/p>\n<p>2019- minuti 16:44<\/p>\n<hr \/>\n<p>&nbsp;<\/p>\n\r\n\t\t\t\t<\/div><div class=\" service-box service-box-style-6 text-left \">\r\n\t\t\t\t\t<h5 class=\"service-box-text\">Ritratti e Memorie Pievesi<\/h5>\r\n\t\t\t\t\t<h5 class=\"heading\"><\/h5>\r\n\t\t\t\t\t<div class=\"divide-line text-left\"><span><\/span><\/div>\r\n\t\t\t\t\t<p><img loading=\"lazy\" class=\"alignnone size-medium wp-image-7308\" src=\"http:\/\/www.fotografiacittadellapieve.it\/home\/wp-content\/uploads\/2023\/08\/Schermata-2023-08-03-alle-16.18.54-360x201.png\" alt=\"\" width=\"360\" height=\"201\" srcset=\"http:\/\/www.fotografiacittadellapieve.it\/home\/wp-content\/uploads\/2023\/08\/Schermata-2023-08-03-alle-16.18.54-360x201.png 360w, http:\/\/www.fotografiacittadellapieve.it\/home\/wp-content\/uploads\/2023\/08\/Schermata-2023-08-03-alle-16.18.54-1024x573.png 1024w, http:\/\/www.fotografiacittadellapieve.it\/home\/wp-content\/uploads\/2023\/08\/Schermata-2023-08-03-alle-16.18.54-768x430.png 768w, http:\/\/www.fotografiacittadellapieve.it\/home\/wp-content\/uploads\/2023\/08\/Schermata-2023-08-03-alle-16.18.54-1536x860.png 1536w, http:\/\/www.fotografiacittadellapieve.it\/home\/wp-content\/uploads\/2023\/08\/Schermata-2023-08-03-alle-16.18.54-1080x604.png 1080w, http:\/\/www.fotografiacittadellapieve.it\/home\/wp-content\/uploads\/2023\/08\/Schermata-2023-08-03-alle-16.18.54-640x358.png 640w, http:\/\/www.fotografiacittadellapieve.it\/home\/wp-content\/uploads\/2023\/08\/Schermata-2023-08-03-alle-16.18.54.png 2048w\" sizes=\"(max-width: 360px) 100vw, 360px\" \/><\/p>\n<p>&nbsp;<\/p>\n\r\n\t\t\t\t<\/div><div class=\" custom-video-link custom-iframe-style-2\"><a href=\"https:\/\/www.youtube.com\/watch?v=P1t26zmPA10&t=10s\"><span class=\" agni-icon \" style=\"border-radius:50%; color:#ffffff; \"><i class=\"ion-ios-videocam-outline  \" style=\"font-size:32px; border-radius:50%; color:#000000; \"><\/i><\/span><\/a><\/div><div class=\" service-box service-box-style-6 text-left \">\r\n\t\t\t\t\t\r\n\t\t\t\t\t<h5 class=\"heading\"><\/h5>\r\n\t\t\t\t\t<div class=\"divide-line text-left\"><span><\/span><\/div>\r\n\t\t\t\t\t<p>Il regista Mario Gianni intervista i cittadini di Citt\u00e0 della Pieve per scoprire le memorie del paese e i ricordi del vecchio forno Bassini. I vicoli di Citt\u00e0 della Pieve<\/p>\n<p>&nbsp;<\/p>\n<p>&nbsp;<\/p>\n<p>2019- minuti 19:52<\/p>\n<hr \/>\n<p>&nbsp;<\/p>\n\r\n\t\t\t\t<\/div><div class=\" service-box service-box-style-6 text-left \">\r\n\t\t\t\t\t<h5 class=\"service-box-text\">L'intelligenza Artificiale nella Fotografia<\/h5>\r\n\t\t\t\t\t<h5 class=\"heading\"><\/h5>\r\n\t\t\t\t\t<div class=\"divide-line text-left\"><span><\/span><\/div>\r\n\t\t\t\t\t<p><img loading=\"lazy\" class=\"alignnone size-medium wp-image-7309\" src=\"http:\/\/www.fotografiacittadellapieve.it\/home\/wp-content\/uploads\/2023\/08\/354518762_696323135837996_5996675638080483330_n-360x258.jpeg\" alt=\"\" width=\"360\" height=\"258\" srcset=\"http:\/\/www.fotografiacittadellapieve.it\/home\/wp-content\/uploads\/2023\/08\/354518762_696323135837996_5996675638080483330_n-360x258.jpeg 360w, http:\/\/www.fotografiacittadellapieve.it\/home\/wp-content\/uploads\/2023\/08\/354518762_696323135837996_5996675638080483330_n-768x551.jpeg 768w, http:\/\/www.fotografiacittadellapieve.it\/home\/wp-content\/uploads\/2023\/08\/354518762_696323135837996_5996675638080483330_n-640x459.jpeg 640w, http:\/\/www.fotografiacittadellapieve.it\/home\/wp-content\/uploads\/2023\/08\/354518762_696323135837996_5996675638080483330_n.jpeg 836w\" sizes=\"(max-width: 360px) 100vw, 360px\" \/><\/p>\n<p>&nbsp;<\/p>\n\r\n\t\t\t\t<\/div><div class=\" custom-video-link custom-iframe-style-2\"><a href=\"https:\/\/www.youtube.com\/watch?v=t9j285aGUHQ\"><span class=\" agni-icon \" style=\"border-radius:50%; color:#ffffff; \"><i class=\"ion-ios-videocam-outline  \" style=\"font-size:32px; border-radius:50%; color:#000000; \"><\/i><\/span><\/a><\/div><div class=\" service-box service-box-style-6 text-left \">\r\n\t\t\t\t\t\r\n\t\t\t\t\t<h5 class=\"heading\"><\/h5>\r\n\t\t\t\t\t<div class=\"divide-line text-left\"><span><\/span><\/div>\r\n\t\t\t\t\t<p>la fotografia generata da un&#8217;intelligenza artificiale. Un tema dagli sviluppi quanto mai inaspettati ed incerti.\u00a0Il caso del concorso vinto da un\u2019immagine generata artificialmente ha sollevato un dibattito sugli impatti di questa tecnologia sulla professione e sui nostri canoni estetici. Provocazione del fotografo tedesco Eldagsen al Sony World Photography Awards che ha poi rifiutato il premio.\u00a0Ad ogni modo, stiamo ancora parlando di fotografia? Per rispondere, prima c\u2019\u00e8 da chiedersi cosa si intenda oggi per fotografia. In passato, certo, le rivoluzioni ci sono state, portando costantemente la professione, l\u2019arte e la societ\u00e0 a confrontarsi con una manipolazione delle immagini sempre pi\u00f9 semplice ed economica. In questo caso, per\u00f2, parliamo di strumenti accessibili a chiunque, in grado non solo di modificare la realt\u00e0, di crearne dal nulla una completamente inesistente con la semplice scrittura di un testo, il\u00a0prompt\u00a0appunto,\u00a0Incontreremo il pensiero dei fotografi che sono passati per il Laboratorio come Maurizio Galimberti, Paola Agosti, Silvia Camporesi, Alessandra Baldoni, Francesco Cito, Jean-Marc Caimi e Valentina Piccinni, Valentina Vannicola e Fabio Barile.<\/p>\n<p>&nbsp;<\/p>\n<p>2023- minuti 40:00<\/p>\n<hr \/>\n<p>&nbsp;<\/p>\n\r\n\t\t\t\t<\/div>[\/vc_column][\/vc_row][vc_row][vc_column width=&#8221;1\/3&#8243;][\/vc_column][\/vc_row][vc_row padding_top=&#8221;60&#8243;][vc_column css=&#8221;.vc_custom_1448694064531{padding-bottom: 0px !important;}&#8221; offset=&#8221;vc_col-md-offset-2 vc_col-md-8 vc_col-sm-offset-1&#8243;]<div class=\" section-heading text-center ihda\"><h2 class=\"heading\" style=\"font-size:36px\"> Rassegna Stampa<\/h2><div class=\"divide-line text-center\"><span style=\"width:180px; height:1px; background-color:#0066ff\"><\/span><\/div><\/div>[\/vc_column][\/vc_row][vc_row][vc_column width=&#8221;1\/2&#8243;][vc_column_text]&nbsp;<\/p>\n<ul>\n<li>\n<h6><span style=\"color: #333333;\">19\/1\/2018 Servizio al TG2<\/span><\/h6>\n<\/li>\n<\/ul>\n<p style=\"padding-left: 40px;\"><span style=\"color: #333333;\">Da Citt\u00e0 della Pieve giornalista Luciana Barbetti, immagini di Mario Scarpanti, montaggio di Carlo Bartolucci<\/span><\/p>\n<p>[\/vc_column_text][\/vc_column][vc_column width=&#8221;1\/2&#8243;][vc_column_text]<div style=\"width: 512px;\" class=\"wp-video\"><!--[if lt IE 9]><script>document.createElement('video');<\/script><![endif]-->\n<video class=\"wp-video-shortcode\" id=\"video-7049-1\" width=\"512\" height=\"288\" poster=\"http:\/\/www.fotografiacittadellapieve.it\/home\/wp-content\/uploads\/2023\/03\/Cover-intervista-tg2-1.png\" preload=\"metadata\" controls=\"controls\"><source type=\"video\/mp4\" src=\"http:\/\/www.fotografiacittadellapieve.it\/home\/wp-content\/uploads\/2023\/03\/Surrealisme-Perugino-servizio-del-TG2-del-19-gennaio-2018.mp4?_=1\" \/><a href=\"http:\/\/www.fotografiacittadellapieve.it\/home\/wp-content\/uploads\/2023\/03\/Surrealisme-Perugino-servizio-del-TG2-del-19-gennaio-2018.mp4\">http:\/\/www.fotografiacittadellapieve.it\/home\/wp-content\/uploads\/2023\/03\/Surrealisme-Perugino-servizio-del-TG2-del-19-gennaio-2018.mp4<\/a><\/video><\/div>[\/vc_column_text][\/vc_column][\/vc_row]<\/p>\n","protected":false},"excerpt":{"rendered":"<p>[vc_row padding_top=&#8221;120&#8243;][vc_column css=&#8221;.vc_custom_1449456169388{padding-right: 0px !important;padding-left: 0px !important;}&#8221;][\/vc_column][\/vc_row][vc_row][vc_column width=&#8221;1\/2&#8243;][\/vc_column][vc_column width=&#8221;1\/2&#8243;][\/vc_column][\/vc_row][vc_row][vc_column width=&#8221;1\/3&#8243;][\/vc_column][\/vc_row][vc_row padding_top=&#8221;60&#8243;][vc_column css=&#8221;.vc_custom_1448694064531{padding-bottom: 0px !important;}&#8221; offset=&#8221;vc_col-md-offset-2 vc_col-md-8 vc_col-sm-offset-1&#8243;][\/vc_column][\/vc_row][vc_row][vc_column width=&#8221;1\/2&#8243;][vc_column_text]&nbsp; 19\/1\/2018 Servizio al TG2 Da Citt\u00e0 della Pieve giornalista Luciana Barbetti, immagini di Mario Scarpanti, montaggio di Carlo Bartolucci [\/vc_column_text][\/vc_column][vc_column width=&#8221;1\/2&#8243;][vc_column_text][\/vc_column_text][\/vc_column][\/vc_row]<\/p>\n","protected":false},"author":1,"featured_media":0,"parent":0,"menu_order":0,"comment_status":"closed","ping_status":"closed","template":"","meta":[],"_links":{"self":[{"href":"http:\/\/www.fotografiacittadellapieve.it\/home\/wp-json\/wp\/v2\/pages\/7049"}],"collection":[{"href":"http:\/\/www.fotografiacittadellapieve.it\/home\/wp-json\/wp\/v2\/pages"}],"about":[{"href":"http:\/\/www.fotografiacittadellapieve.it\/home\/wp-json\/wp\/v2\/types\/page"}],"author":[{"embeddable":true,"href":"http:\/\/www.fotografiacittadellapieve.it\/home\/wp-json\/wp\/v2\/users\/1"}],"replies":[{"embeddable":true,"href":"http:\/\/www.fotografiacittadellapieve.it\/home\/wp-json\/wp\/v2\/comments?post=7049"}],"version-history":[{"count":43,"href":"http:\/\/www.fotografiacittadellapieve.it\/home\/wp-json\/wp\/v2\/pages\/7049\/revisions"}],"predecessor-version":[{"id":7317,"href":"http:\/\/www.fotografiacittadellapieve.it\/home\/wp-json\/wp\/v2\/pages\/7049\/revisions\/7317"}],"wp:attachment":[{"href":"http:\/\/www.fotografiacittadellapieve.it\/home\/wp-json\/wp\/v2\/media?parent=7049"}],"curies":[{"name":"wp","href":"https:\/\/api.w.org\/{rel}","templated":true}]}}